{"id":87,"date":"2013-08-30T21:32:33","date_gmt":"2013-08-30T20:32:33","guid":{"rendered":"http:\/\/www.benoit-de-bretagne.com\/?page_id=87"},"modified":"2014-01-24T14:51:07","modified_gmt":"2014-01-24T13:51:07","slug":"le-fond-et-les-eclisses","status":"publish","type":"page","link":"https:\/\/www.benoit-de-bretagne.com\/?page_id=87","title":{"rendered":"Le fond et les \u00e9clisses"},"content":{"rendered":"<p><span style=\"text-decoration: underline;\">Le fond et les \u00e9clisses<\/span><\/p>\n<p style=\"text-align: justify;\"><a href=\"http:\/\/www.benoit-de-bretagne.com\/wp-content\/uploads\/2013\/08\/benoit-de-bretagne-fonds-eclisses.jpg\"><img loading=\"lazy\" width=\"333\" height=\"259\" class=\" wp-image-93 alignright\" title=\"Fonds &amp; Eclisses\" alt=\"Benoit de Bretagne Fonds et Eclisses\" src=\"http:\/\/www.benoit-de-bretagne.com\/wp-content\/uploads\/2013\/08\/benoit-de-bretagne-fonds-eclisses.jpg\" srcset=\"https:\/\/www.benoit-de-bretagne.com\/wp-content\/uploads\/2013\/08\/benoit-de-bretagne-fonds-eclisses.jpg 333w, https:\/\/www.benoit-de-bretagne.com\/wp-content\/uploads\/2013\/08\/benoit-de-bretagne-fonds-eclisses-300x233.jpg 300w\" sizes=\"(max-width: 333px) 100vw, 333px\" \/><\/a>\u00a0\u00a0 L&rsquo;utilisation de certains types de bois pour le fond et les \u00e9clisses (ou c\u00f4t\u00e9s) est moins critique que pour le choix de la table d&rsquo;harmonie : ceux-ci colorent le son de l&rsquo;instrument, donnant une personnalit\u00e9, favorisantainsi un registre pr\u00e9cis ou prolongeant la note. A cette fin, on utilise des bois durs. Le fameux luthier Espagnol Antonio de TORRES (1817-1892), pionnier de la guitare classique que l&rsquo;on conna\u00eet aujourd&rsquo;hui, voulu en d\u00e9montrer l&rsquo;importance de la table \u00e0 des musiciens sceptiques : il construisit une guitare \u00e0 la table en \u00e9pic\u00e9a et aux \u00e9clisses en \u00ab\u00a0papier m\u00e2ch\u00e9\u00a0\u00bb ;les guitaristes,assez surpris, la d\u00e9criront comme \u00e9tant un \u00ab\u00a0tr\u00e8s bon instrument\u00a0\u00bb ! Une m\u00eame esp\u00e8ce peut offrir des diff\u00e9rences de qualit\u00e9 ; la fa\u00e7on dont ce bois sera coup\u00e9 et s\u00e9ch\u00e9 sera d&rsquo;un grande incidence sur le r\u00e9sultat final !<\/p>\n<p><span style=\"text-decoration: underline;\">Le palissandre du Br\u00e9sil ou de Rio<\/span><\/p>\n<p style=\"text-align: justify;\">\u00a0<a href=\"http:\/\/www.benoit-de-bretagne.com\/wp-content\/uploads\/2013\/08\/benoit-de-bretagne-palissandre-rio.jpg\"><img loading=\"lazy\" width=\"144\" height=\"144\" class=\" wp-image-94 alignleft\" title=\"Palissandre de Rio\" alt=\"Benoit de Bretagne Palissandre de Rio\" src=\"http:\/\/www.benoit-de-bretagne.com\/wp-content\/uploads\/2013\/08\/benoit-de-bretagne-palissandre-rio.jpg\" \/><\/a>\u00a0 Le titre de \u00ab\u00a0roi des bois\u00a0\u00bb est d\u00e9cern\u00e9 au palissandre du Br\u00e9sil, quasiment un mythe, en phase finale d&rsquo;extinction. Son nom latin est \u00ab\u00a0dalberfia nigra\u00a0\u00bb. Sa densit\u00e9 varie entre 730 et 870 kg\/m3. Par le pass\u00e9, c&rsquo;\u00e9tait le seul palissandre utilis\u00e9 en lutherie et \u00e9b\u00e9nisterie. Il va du magnifique stri\u00e9 marron-rouge \u00ab\u00a0pain d&rsquo;\u00e9pice\u00a0\u00bb (comme sur les vieilles Martin) au marron fonc\u00e9, en passant par l&rsquo;orange vif ou encore les tons roses ou verts des guitares classiques. Ce bois magnifique combine des qualit\u00e9s remarquables, telle la projection du son,avec des basses profondes et g\u00e9n\u00e9reuses. Son point faible, en dehors de sa stabilit\u00e9 m\u00e9diocre (difficile de le trouver \u00ab\u00a0au quartier\u00a0\u00bb) et de sa fragilit\u00e9, est, assur\u00e9ment, son prix (le plus \u00e9lev\u00e9 des palissandres). Un palissandre Br\u00e9silien de haute qualit\u00e9 peut atteindre 1000 euros le jeu !!! Le palissandre br\u00e9silien \u00e9tant plus lourd que les autres palissandres, le luthier \u00ab\u00a0compense\u00a0\u00bb en le travaillant un peu plus fin, au travail il s&rsquo;en d\u00e9gage une subtile odeur sucr\u00e9e, un r\u00e9gal ! On l&rsquo;utilise aussi souvent pour les chevalets et les placages. Il est important de noter que cet esp\u00e8ce est prot\u00e9g\u00e9e par la convention C.I.T.ES. et que sa vente comme son utilisation en sont limit\u00e9es.<\/p>\n<p style=\"text-align: justify;\"><span style=\"text-decoration: underline;\">Le palissandre de Madagascar<\/span><\/p>\n<p style=\"text-align: justify;\">\u00a0<a href=\"http:\/\/www.benoit-de-bretagne.com\/wp-content\/uploads\/2013\/08\/benoit-de-bretagne-palissandre-madagascar.jpg\"><img loading=\"lazy\" width=\"144\" height=\"144\" class=\" wp-image-95 alignleft\" title=\"Palissandre de Magdagascar\" alt=\"Benoit de Bretagne - Palissandre de Madagascar\" src=\"http:\/\/www.benoit-de-bretagne.com\/wp-content\/uploads\/2013\/08\/benoit-de-bretagne-palissandre-madagascar.jpg\" \/><\/a>\u00a0 Il existe plusieurs vari\u00e9t\u00e9s de \u00ab\u00a0Dalbergia barroni\u00a0\u00bb, le palissandre de Madagascar ou le voambona qui proviennent de Madagascar. C&rsquo;est le bois le plus proche en terme de son et d&rsquo;apparence au Palissandre de Rio mais avec un plus une grande stabilit\u00e9! On retrouve les meilleures attributs des vieilles fournitures: brillance, couleurs profondes(orang\u00e9, marron chocolat\u00e9, violet) et motifs intenses: \u00ab\u00a0gouttes d&rsquo;eau\u00a0\u00bb , \u00ab\u00a0toiles d\u0094arraign\u00e9e\u00a0\u00bb, les qualit\u00e9s sonores sont aussi l\u00e0: clart\u00e9, projection, cet effet de pleinitude ou \u00ab\u00a0cath\u00e9drale\u00a0\u00bb! c&rsquo;est pour cela que l&rsquo;on le nomme \u00ab\u00a0le nouveau Rio\u00e9 ! Il est facile de le travailler et de le cintrer, disponible en grande quantit\u00e9 (m\u00eame si les guerres civiles, ouragans ont travers\u00e9 cette belle \u00eele), le prix de ce palissandre atteint d\u00e9j\u00e0 la moiti\u00e9 des sublimes Rio.<\/p>\n<p style=\"text-align: justify;\"><span style=\"text-decoration: underline;\">Le palissandre des Indes ou de Bombay<\/span><\/p>\n<p style=\"text-align: justify;\"><a href=\"http:\/\/www.benoit-de-bretagne.com\/wp-content\/uploads\/2013\/08\/benoit-de-bretagne-palissandre-indien.jpg\"><img loading=\"lazy\" width=\"144\" height=\"144\" class=\" wp-image-96 alignleft\" title=\"Palissandre des Indes\" alt=\"Benoit de Bretagne - Palissandre des Indes\" src=\"http:\/\/www.benoit-de-bretagne.com\/wp-content\/uploads\/2013\/08\/benoit-de-bretagne-palissandre-indien.jpg\" \/><\/a>\u00a0\u00a0 Le palissandre Br\u00e9silien devenant rare, les luthiers se sont tourn\u00e9s d\u00e8s 1965 vers son cousin, le palissandre Indien. Son nom latin est \u00ab\u00a0dalbergia latifolia\u00a0\u00bb et sa densit\u00e9 se situe entre 650 et 850 KG\/m3. Son grain est serr\u00e9 et sa couleur varie, tant\u00f4t pourpre, brun violac\u00e9, parfois orange tirant sur le marron ou m\u00eame presque noir. Le palissandre des Indes, ou de Bombay, est l\u00e9g\u00e8rement plus l\u00e9ger que le Rio mais poss\u00e8de la m\u00eame structure, avec des pores ouverts ; il est quand m\u00eame plus stable. Comme de nombreux noies durs et tropicaux, il contient des d\u00e9p\u00f4ts de min\u00e9raux, laissant des r\u00e9sidus blancs dans les pores,et aussi un grain entrelac\u00e9. Le meilleur palissandre Indien est sauvage, celui des plantations \u00e9tant inf\u00e9rieur en qualit\u00e9 mais ais\u00e9ment disponible, souvent nomm\u00e9 \u00ab\u00a0palissandre Indon\u00e9sien\u00a0\u00bb ou \u00ab\u00a0sonnokelling\u00a0\u00bb. Il pousse rapidement et offre une apparence d\u00e9lav\u00e9e avec de fortes nuances vertes. Ses caract\u00e9ristiques sont tr\u00e8s similaires au Br\u00e9silien, avec peut-\u00eatre une moindre projection ; il s&rsquo;inscrit donc comme l&rsquo;actuel standard.<\/p>\n<p style=\"text-align: justify;\"><span style=\"text-decoration: underline;\">Les autres palissandre<\/span><\/p>\n<p style=\"text-align: justify;\">\u00a0\u00a0 Ceci inclut le palissandre d&rsquo;Amazonie,le palissandre du Honduras (du Br\u00e9sil), le palissandre de Santos (Bolivie) connu sous le nom de \u00ab\u00a0pau ferro\u0094, le \u00ab\u00a0kingwood\u0094, \u00ab\u00a0morado\u0094, le \u00ab\u00a0sissoo mahogany\u00a0\u00bb (comme le palissandre Indien), qui provient des montagnes Indiennes, les palissandres Africains tels \u00ab\u00a0le bubinga\u00a0\u00bb ou encore le fameux \u00ab\u00a0blackwood africain\u0094(certainement un des bois le plus ressemblant au Rio, au point de vue sonore,de raret\u00e9 et de prix!). Sans oublier le\u00a0\u00bbcocobolo\u00a0\u00bb provenant du Sud du Mexique ou d&rsquo;Am\u00e9rique Centrale (c\u00f4te pacifique),Il poss\u00e8de les m\u00eames caract\u00e9ristiques que \u00ab\u00a0le Roi des palissandres\u00a0\u00bb (projection, basses, profondeur,etc&#8230;) ; il est cependant plus lourd et se travaille plus difficilement. De plus, de par sa nature huileuse, il peut cr\u00e9er probl\u00e8me au collage et n\u00e9cessite un nettoyage pr\u00e9alable \u00e0 l&rsquo;alcool \u00e9thylique industriel. C&rsquo;est un bois tr\u00e8s color\u00e9, aux teintes jaunes, marron et orange. Il existe d&rsquo;autres &lsquo;dalbergia\u00a0\u00bb ainsi que d&rsquo;autres bois durs et tropicaux d&rsquo;Am\u00e9riques du Sud, d\u00e9crits comme \u00ab\u00a0palissandre\u00a0\u00bb mais n&rsquo;appartenant pas \u00e0 cette famille ; on les appelle souvent \u00ab\u00a0jacaranga\u00a0\u00bb ou \u00ab\u00a0palissander\u00a0\u00bb, termes commerciaux ne signifiant pas pour autant qu&rsquo;il s&rsquo;agit de v\u00e9ritables palissandres.<\/p>\n<p style=\"text-align: justify;\"><span style=\"text-decoration: underline;\">L&rsquo;acajou<\/span><\/p>\n<p style=\"text-align: justify;\"><a href=\"http:\/\/www.benoit-de-bretagne.com\/wp-content\/uploads\/2013\/08\/benoit-de-bretagne-acajou-honduras.jpg\"><img loading=\"lazy\" width=\"144\" height=\"144\" class=\"alignleft  wp-image-98\" title=\"Acajou Honduras\" alt=\"Benoit de Bretagne - Acajou Honduras\" src=\"http:\/\/www.benoit-de-bretagne.com\/wp-content\/uploads\/2013\/08\/benoit-de-bretagne-acajou-honduras.jpg\" \/><\/a><a href=\"http:\/\/www.benoit-de-bretagne.com\/wp-content\/uploads\/2013\/08\/benoit-de-bretagne-acajou-pommele.jpg\"><img loading=\"lazy\" width=\"144\" height=\"144\" class=\"alignleft  wp-image-99\" title=\"Acajou Pommel\u00e9\" alt=\"Benoit de Bretagne - Acajou Pommel\u00e9\" src=\"http:\/\/www.benoit-de-bretagne.com\/wp-content\/uploads\/2013\/08\/benoit-de-bretagne-acajou-pommele.jpg\" \/><\/a><a href=\"http:\/\/www.benoit-de-bretagne.com\/wp-content\/uploads\/2013\/08\/benoit-de-bretagne-acajou-sapelli.jpg\"><img loading=\"lazy\" width=\"144\" height=\"144\" class=\"alignleft  wp-image-100\" title=\"Acajou Sapelli\" alt=\"Benoit de Bretagne - Acajou Sapelli\" src=\"http:\/\/www.benoit-de-bretagne.com\/wp-content\/uploads\/2013\/08\/benoit-de-bretagne-acajou-sapelli.jpg\" \/><\/a>\u00a0\u00a0 Il existe de nombreux acajous : plus de 300 sortes ! Mais le plus utilis\u00e9 en lutherie et le Br\u00e9silien, suivi du Honduras. Son nom latin est \u00ab\u00a0swietenia macrophylla\u00a0\u00bb et sa densit\u00e9 se situe entre 480 et 580 kg\/m3. L&rsquo;acajou de Cuba, \u00ab\u00a0swietenia mahogainci\u00a0\u00bb a \u00e9t\u00e9 utilis\u00e9 pendant des si\u00e8cles mais n&rsquo;est malheureusement plus disponible !Les stocks sont rares et atteignent des prix tr\u00e8s \u00e9lev\u00e9s, un des plus \u00e9lev\u00e9s des bois ! D&rsquo;autres acajou tel le sapele, \u00ab\u00a0entandrophragma cylindricum\u00a0\u00bb (d&rsquo;Am\u00e9riques du Sud), de densit\u00e9 entre 560 et 690 kg\/m3 et l&rsquo;acajou Africain \u00ab\u00a0khaja ivorensis\u00a0\u00bb, de densit\u00e9 entre 530 \u00e0 590 kg\/m3, sont souvent utilis\u00e9s lors de la construction de guitares, mais plus au stade industriel comme chez TAYLOR par exemple, qui utilise le sapele pour le fond et les \u00e9clisses. Ce bois de densit\u00e9 moyenne, de couleur marron dor\u00e9 avec reflets ros\u00e9s, souvent figur\u00e9 : pommel\u00e9, flamm\u00e9 et est tr\u00e8s stable. Il donne un son clair et propre dans les basses (parfois trop pro\u00e9minent avec le palissandre),avec chaleur et une belle dur\u00e9e de vie de note(sustain). On l&rsquo;utilise \u00e9norm\u00e9ment pour la facture de guitares steel string (folk), ainsi que pour les manches et les d\u00e9tails int\u00e9rieurs tels les barrages, les contre \u00e9clisses. Difficile \u00e0 cintrer par comparaison au palissandre (\u00e9tant donn\u00e9 sa faible teneur en huile) il devient fragile \u00e0 la chaleur et se brise soudainement.<\/p>\n<p style=\"text-align: justify;\"><span style=\"text-decoration: underline;\">Le c\u00e8dre du Br\u00e9sil<\/span><\/p>\n<p style=\"text-align: justify;\">\u00a0\u00a0 C&rsquo;est un bois dur, tr\u00e8s diff\u00e9rent du c\u00e8dre rouge \u00ab\u00a0thuya plicata\u0094 ; il est \u00e9galement connu sous le nom de \u00ab\u00a0cederela\u00a0\u00bb. Il ressemble \u00e0 l&rsquo;acajou mais sa structure est plus ouverte. Lorsqu&rsquo;on le travaille, il en \u00e9mane une odeur tr\u00e8s forte mais plaisante. On l&rsquo;utilise beaucoup pour la fabrication des manches de guitares classiques en raison de sa l\u00e9g\u00e8ret\u00e9 et de sa solidit\u00e9. La fameuse firme MARTIN l\u00a0\u00bbutilisera aussi jusque dans les ann\u00e9es 20. Les d\u00e9tails int\u00e9rieurs de l&rsquo;instrument peuvent \u00eatre \u00e9galement effectu\u00e9s dans ce bois, donnant ainsi une senteur aromatique agr\u00e9able. Des poches de r\u00e9sine risquent aussi malheureusement de donner un rendu disgracieux au vernis.<\/p>\n<p style=\"text-align: justify;\"><span style=\"text-decoration: underline;\">L&rsquo;Erable ou Sycomore<\/span><\/p>\n<p style=\"text-align: justify;\"><a href=\"http:\/\/www.benoit-de-bretagne.com\/wp-content\/uploads\/2013\/08\/benoit-de-bretagne-erable-flamme.jpg\"><img loading=\"lazy\" width=\"144\" height=\"144\" class=\"alignleft  wp-image-121\" title=\"Erable Flamme\" alt=\"Benoit de Bretagne - Erable Flamme\" src=\"http:\/\/www.benoit-de-bretagne.com\/wp-content\/uploads\/2013\/08\/benoit-de-bretagne-erable-flamme.jpg\" \/><\/a><a href=\"http:\/\/www.benoit-de-bretagne.com\/wp-content\/uploads\/2013\/08\/benoit-de-bretagne-erable-marbre.jpg\"><img loading=\"lazy\" width=\"144\" height=\"144\" class=\"alignleft  wp-image-123\" title=\"Erable Marbre\" alt=\"Benoit de Bretagne - Erable Marbre\" src=\"http:\/\/www.benoit-de-bretagne.com\/wp-content\/uploads\/2013\/08\/benoit-de-bretagne-erable-marbre.jpg\" \/><\/a><a href=\"http:\/\/www.benoit-de-bretagne.com\/wp-content\/uploads\/2013\/08\/benoit-de-bretagne-erable-pommele.jpg\"><img loading=\"lazy\" width=\"144\" height=\"144\" class=\"alignleft  wp-image-122\" title=\"Erable Pommel\u00e9\" alt=\"Benoit de Bretagne - Erable Pommel\u00e9\" src=\"http:\/\/www.benoit-de-bretagne.com\/wp-content\/uploads\/2013\/08\/benoit-de-bretagne-erable-pommele.jpg\" \/><\/a>\u00a0\u00a0 Il est consid\u00e9r\u00e9 comme un bois \u00ab\u00a0moderne\u00a0\u00bb dans la facture de guitare alors qu&rsquo;on l&rsquo;utilise depuis des si\u00e8cles dans la famille du violon. On l&rsquo;utilise souvent lorsqu&rsquo;il est extr\u00eamement figur\u00e9 : flamm\u00e9, ond\u00e9, pommel\u00e9 ou mouchet\u00e9. Bien que ceux-ci soient tr\u00e8s plaisant \u00e0 l&rsquo;\u009cil, ces motifs engendrent souvent des difficult\u00e9s lors du travail (ex. : rabotage, cintrage).<\/p>\n<p>Les trois esp\u00e8ces les plus utilis\u00e9es sont:<\/p>\n<ul>\n<ul>\n<li>l&rsquo;\u00e9rable europ\u00e9en, \u00ab\u00a0acer pseudoplanatus\u00a0\u00bb, de densit\u00e9 entre 590 et 720 kg\/m3,<\/li>\n<li>le \u00ab\u00a0rock maple\u00a0\u00bb, \u00ab\u00a0acer saccharum\u00a0\u00bb, de densit\u00e9 entre 750 et 820 kg\/m3,<\/li>\n<li>le sycomore (le plus commun dans nos r\u00e9gions), un peu plus tendre.<\/li>\n<\/ul>\n<\/ul>\n<p style=\"text-align: justify;\">\u00a0\u00a0 Les meilleurs \u00e9rables proviennent d&rsquo;Europe Centrale (o\u00f9 ils poussent doucement et r\u00e9guli\u00e8rement en altitude), ou encore d&rsquo;Am\u00e9rique. De couleur jaune p\u00e2le ou blanc, il se pr\u00eate \u00e0 merveille aux vari\u00e9t\u00e9s de teintes (ex: ambr\u00e9, sunburst). Sa puissance, comparable \u00e0 celle du palissandre, fait de lui un concurrent remarquable, une alternative. Il est toutefois plus \u00ab\u00a0discret\u0094, \u00ab\u00a0transparent\u0094 laissant ainsi place qu&rsquo;aux qualit\u00e9s de la table d&rsquo;harmonie. Souvent utilis\u00e9 pour les guitares de jazz, il gagne petit \u00e0 petit sa place dans la fabrication des guitares acoustiques (plus fr\u00e9quent en guitare folk, en flamenco, mais presque inexistant en guitare classique).<\/p>\n<p style=\"text-align: justify;\"><span style=\"text-decoration: underline;\">Le cypr\u00e9s<\/span><\/p>\n<p style=\"text-align: justify;\">\u00a0\u00a0 Ce bois est essentiellement associ\u00e9 \u00e0 la guitare flamenco. Il est plus \u00ab\u00a0m\u00e9dit\u00e9rran\u00e9en\u0094 qu&rsquo; espagnol, import\u00e9 il y a des si\u00e8cles d&rsquo;Asie mineure, on le trouve en Italie et d&rsquo;autres r\u00e9gions europ\u00e9ennes ou encore aux \u00c9tats Unis (San Francisco) ou au Canada. Similaire \u00e0 l&rsquo;\u00e9rable pour sa structure, mais d&rsquo;un jaune plus soutenu, il est tr\u00e8s aromatique et d&rsquo;un poids l\u00e9ger. Son nom latin est \u00ab\u00a0cupressus sempervirens\u00a0\u00bb, sa fa\u00e7on de pousser en fait un bois de faible qualit\u00e9 pr\u00e9sentant des n\u009cud et un grain peu droit ; par cons\u00e9quence, en bonne qualit\u00e9, il devient rare et on\u00e9reux.<\/p>\n<p style=\"text-align: justify;\"><span style=\"text-decoration: underline;\">Le Koa<\/span><\/p>\n<p style=\"text-align: justify;\"><a href=\"http:\/\/www.benoit-de-bretagne.com\/wp-content\/uploads\/2013\/08\/benoit-de-bretagne-koa.jpg\"><img loading=\"lazy\" width=\"144\" height=\"144\" class=\" wp-image-110 alignleft\" title=\"Koa\" alt=\"Benoit de Bretagne - Koa\" src=\"http:\/\/www.benoit-de-bretagne.com\/wp-content\/uploads\/2013\/08\/benoit-de-bretagne-koa.jpg\" \/><\/a>\u00a0\u00a0 Il est impossible de ne pas mentionner le koa, vari\u00e9t\u00e9 d&rsquo;acacias des \u00eeles Hawaiiennes. Son nom latin est \u00ab\u00a0acacia koa\u00a0\u00bb et n&rsquo;existe que dans ces \u00eeles Ce bois est de couleur brun-orang\u00e9, aux belles veines fonc\u00e9es. Tout d&rsquo;abord utilis\u00e9 pour la facture de l&rsquo;Ukulele, \u00e0 la vue de ce magnifique bois les industries et luthiers eurent vite fait de l&rsquo; importer pour la facture de guitares \u00e0 cordes acier. Dans les ann\u00e9es 30, apr\u00e8s le crack boursier, de nombreuses firmes connues(Weissenborn, Martin, Gibson\u0085) l&rsquo;ont utilis\u00e9 comme substitut \u00e0 l&rsquo;acajou devenu trop cher. Avec des couleurs allant du marron \u00e0 l&rsquo;or au grain variable et riche, des ondes profondes, on le trouve ond\u00e9 et flamm\u00e9\u0085\u0085 de ce fait il est difficile \u00e0 travailler et cintrer. M\u00eame si cet arbre pousse rapidement, il faillit dispara\u00eetre par la d\u00e9forestation massive des for\u00eats natives, cependant une prise de conscience \u00e9cologique de la population fit que cette esp\u00e8ce est replant\u00e9e r\u00e9guli\u00e8rement (2arbres plant\u00e9s pour un coup\u00e9), une bonne initiative \u00e0 suivre ! Ses qualit\u00e9s sonores se rapprochent \u00e0 celles de l&rsquo;acajou, de belles basses profondes mais pas d\u00e9mesur\u00e9es, chaleur et clart\u00e9 mais avec plus de registre dans les m\u00e9diums. Aujourd&rsquo;hui on le trouve dans des mod\u00e8les haut de gamme et m\u00eame dans la facture de guitares classiques. Une essence \u00ab\u00a0envoutante\u0094 dont le prix ne fait que grimper !<\/p>\n<p style=\"text-align: justify;\"><span style=\"text-decoration: underline;\">Les autres bois<\/span><\/p>\n<p style=\"text-align: justify;\">\u00a0\u00a0 Des bois tels le citronnier, \u00ab\u00a0satinwood\u00a0\u00bb (provenant d&rsquo; Inde et d&rsquo;Asie), le \u00ab\u00a0padauk\u00a0\u00bb de couleur orange-carotte, le Ziricote tr\u00e8s similaire au Rio, \u00ab\u00a0l&rsquo;\u00e9b\u00e8ne de Macassar\u00a0\u00bb stri\u00e9 de belles lignes noires et blanches de l&rsquo;est de l&rsquo;Indon\u00e9sie, l&rsquo; \u00ab\u00a0Acacia noir\u0094 d&rsquo;Australie(cousin du koa) est des plus ressemblants et un superbe possibilt\u00e9, les fruitiers comme le poirier, le cerisier ou le noyer peuvent \u00eatre utilis\u00e9s \u00e0 condition de poss\u00e9der un grain assez fin. Il vaut la peine de s&rsquo;int\u00e9resser \u00e0 des esp\u00e8ces alternatives \u00e9tant donn\u00e9 le nombre croissant des bois \u00ab\u00a0traditionnels\u00a0\u00bb menac\u00e9s d&rsquo;extinction et trop chers ou trop difficiles \u00e0 trouver.<\/p>\n<p><\/p>","protected":false},"excerpt":{"rendered":"<p>Le fond et les \u00e9clisses \u00a0\u00a0 L&rsquo;utilisation de certains types de bois pour le fond et les \u00e9clisses (ou c\u00f4t\u00e9s) est moins critique que pour le choix de la table d&rsquo;harmonie : ceux-ci colorent le son de l&rsquo;instrument, donnant une personnalit\u00e9, favorisantainsi un registre pr\u00e9cis ou prolongeant la note. A cette fin, on utilise des [&hellip;]<\/p>\n","protected":false},"author":1,"featured_media":0,"parent":33,"menu_order":0,"comment_status":"closed","ping_status":"closed","template":"pDefault.php","meta":{"ngg_post_thumbnail":0},"_links":{"self":[{"href":"https:\/\/www.benoit-de-bretagne.com\/index.php?rest_route=\/wp\/v2\/pages\/87"}],"collection":[{"href":"https:\/\/www.benoit-de-bretagne.com\/index.php?rest_route=\/wp\/v2\/pages"}],"about":[{"href":"https:\/\/www.benoit-de-bretagne.com\/index.php?rest_route=\/wp\/v2\/types\/page"}],"author":[{"embeddable":true,"href":"https:\/\/www.benoit-de-bretagne.com\/index.php?rest_route=\/wp\/v2\/users\/1"}],"replies":[{"embeddable":true,"href":"https:\/\/www.benoit-de-bretagne.com\/index.php?rest_route=%2Fwp%2Fv2%2Fcomments&post=87"}],"version-history":[{"count":23,"href":"https:\/\/www.benoit-de-bretagne.com\/index.php?rest_route=\/wp\/v2\/pages\/87\/revisions"}],"predecessor-version":[{"id":1171,"href":"https:\/\/www.benoit-de-bretagne.com\/index.php?rest_route=\/wp\/v2\/pages\/87\/revisions\/1171"}],"up":[{"embeddable":true,"href":"https:\/\/www.benoit-de-bretagne.com\/index.php?rest_route=\/wp\/v2\/pages\/33"}],"wp:attachment":[{"href":"https:\/\/www.benoit-de-bretagne.com\/index.php?rest_route=%2Fwp%2Fv2%2Fmedia&parent=87"}],"curies":[{"name":"wp","href":"https:\/\/api.w.org\/{rel}","templated":true}]}}