{"id":71,"date":"2013-08-30T13:33:10","date_gmt":"2013-08-30T12:33:10","guid":{"rendered":"http:\/\/www.benoit-de-bretagne.com\/?page_id=71"},"modified":"2014-01-24T14:47:22","modified_gmt":"2014-01-24T13:47:22","slug":"la-table-dharmonie","status":"publish","type":"page","link":"https:\/\/www.benoit-de-bretagne.com\/?page_id=71","title":{"rendered":"La table d&rsquo;harmonie"},"content":{"rendered":"<p><span style=\"text-decoration: underline;\">La table d&rsquo;harmonie<\/span><\/p>\n<p style=\"text-align: justify;\">\u00a0\u00a0<a href=\"http:\/\/www.benoit-de-bretagne.com\/wp-content\/uploads\/2013\/08\/benoit-de-bretagne-table-harmonie.jpg\"><img loading=\"lazy\" width=\"328\" height=\"259\" class=\" wp-image-77 alignright\" title=\"Table d'harmonie\" alt=\"Benoit de Bretagne Table d'harmonie\" src=\"http:\/\/www.benoit-de-bretagne.com\/wp-content\/uploads\/2013\/08\/benoit-de-bretagne-table-harmonie.jpg\" srcset=\"https:\/\/www.benoit-de-bretagne.com\/wp-content\/uploads\/2013\/08\/benoit-de-bretagne-table-harmonie.jpg 328w, https:\/\/www.benoit-de-bretagne.com\/wp-content\/uploads\/2013\/08\/benoit-de-bretagne-table-harmonie-300x236.jpg 300w\" sizes=\"(max-width: 328px) 100vw, 328px\" \/><\/a> La table d&rsquo;harmonie est l&rsquo;\u00e2me de l&rsquo;instrument. Sa pr\u00e9paration requiert la plus grande attention et une extr\u00eame propret\u00e9 ; elle doit \u00eatre choisie attentivement selon sa structure et d&rsquo;autres crit\u00e8res (cf. \u00ab\u00a0la s\u00e9lection de qualit\u00e9\u00a0\u00bb dans l&rsquo;introduction). Les esp\u00e8ces utilis\u00e9es pour la table, appel\u00e9es aussi \u00ab\u00a0bois de r\u00e9sonance\u00a0\u00bb, appartiennent \u00e0 la famille des conif\u00e8res. Leur qualit\u00e9 fondamentale est leur excellent rapport entre grande rigidit\u00e9 et faible masse, ce qui permet -imm\u00e9diatement- une bonne transmission des vibrations. On ne peut pas dire que l&rsquo;un des bois r\u00e9pertori\u00e9s ci-dessous soit d&rsquo;une qualit\u00e9 sup\u00e9rieure \u00e0 l&rsquo;autre : ils r\u00e9pondent simplement \u00e0 des besoins diff\u00e9rents.<\/p>\n<p style=\"text-align: justify;\"><span style=\"text-decoration: underline;\">L&rsquo;\u00e9pic\u00e9a Europ\u00e9en<\/span><\/p>\n<p style=\"text-align: justify;\"><a href=\"http:\/\/www.benoit-de-bretagne.com\/wp-content\/uploads\/2013\/08\/benoit-de-bretagne-epicea-europeen.jpg\"><img loading=\"lazy\" width=\"144\" height=\"144\" class=\" wp-image-80 alignleft\" title=\"Epic\u00e9a Europ\u00e9en\" alt=\"Benoit de Bretagne Epic\u00e9a Europ\u00e9en\" src=\"http:\/\/www.benoit-de-bretagne.com\/wp-content\/uploads\/2013\/08\/benoit-de-bretagne-epicea-europeen.jpg\" \/><\/a>\u00a0\u00a0 Son nom latin est \u00ab\u00a0picea excelsa\u00a0\u00bb ou \u00ab\u00a0picea abies\u00a0\u00bb, d&rsquo;une densit\u00e9 variant entre 360 et 490 kgm3. Ce bois est utilis\u00e9 depuis des si\u00e8cles dans la facture d&rsquo;instruments de haute qualit\u00e9 et est toujours consid\u00e9r\u00e9 par de nombreux luthiers comme le mat\u00e9riau par excellence de la table d&rsquo;harmonie. R\u00e9cemment coup\u00e9, il est de couleur jaune-blanc et fonce jusqu&rsquo;\u00e0 une riche couleur or s&rsquo;il est expos\u00e9 \u00e0 la lumi\u00e8re ou \u00e0 des ultraviolets artificiels ; certains luthiers \u00ab\u00a0vieillissent\u00a0\u00bb ainsi les tables d&rsquo;harmonie en les soumettent \u00e0 des UV durant quelques jours. Ceci durcit aussi la r\u00e9sine contenue dans le bois. Souvent d\u00e9sign\u00e9 sous le nom de \u00ab\u00a0pin suisse\u00a0\u00bb ou \u00ab\u00a0pin alpin\u00a0\u00bb, il pousse dans de nombreuses r\u00e9gions montagneuses d&rsquo;Europe, tels les pays de l&rsquo;ex. Yougoslavie, l&rsquo;Autriche, l&rsquo;italie et la france (Vosges et Jura). Pour une bonne qualit\u00e9, il doit pousser dans certaines conditions, de froid, d&rsquo;altitude (1300M) d\u0092exposition, etc&#8230;..Il n&rsquo;est pas facile de d\u00e9finir pr\u00e9cis\u00e9ment le son propre \u00e0 ce mat\u00e9riau mais il peut \u00eatre d\u00e9crit comme \u00e9tant tr\u00e8s clair, cristallin dans les aigus, combinant une grande sensibilit\u00e9 et un timbre doux et plaisant, r\u00e9pondant m\u00eame \u00e0 la moindre l\u00e9g\u00e8re attaque; il perd cependant un peu de clart\u00e9 quand il est jou\u00e9 fortement. Il est grandement appr\u00e9ci\u00e9 des joueurs de \u00ab\u00a0fingerstyle\u00a0\u00bb, des guitaristes classiques et des fabriquants de guitares steel string (folk) en Europe.<\/p>\n<p style=\"text-align: justify;\"><span style=\"text-decoration: underline;\">L&rsquo;\u00e9pic\u00e9a de Sitka<\/span><\/p>\n<p style=\"text-align: justify;\"><a href=\"http:\/\/www.benoit-de-bretagne.com\/wp-content\/uploads\/2013\/08\/benoit-de-bretagne-epicea-sitka.jpg\"><img loading=\"lazy\" width=\"144\" height=\"144\" class=\" wp-image-81 alignleft\" title=\"Epic\u00e9a Sitka\" alt=\"Benoit de Bretagne Epic\u00e9a Sitka\" src=\"http:\/\/www.benoit-de-bretagne.com\/wp-content\/uploads\/2013\/08\/benoit-de-bretagne-epicea-sitka.jpg\" \/><\/a>\u00a0\u00a0 Du nom latin \u00ab\u00a0picea sitchensis\u00a0\u00bb et d&rsquo;une densit\u00e9 entre 400 et 500 kg\/m3. il s&rsquo;agit d&rsquo;un bois rigide, dur et qui ne varie pas consid\u00e9rablement en poids. Le Sitka est une vari\u00e9t\u00e9 d&rsquo;\u00e9pic\u00e9a provenant de la c\u00f4te ouest des Etats-Unis et du Grand Nord Canadien. Il existe aussi une \u00eele de Sitka situ\u00e9e au sud-ouest de l&rsquo;Alaska. Cet \u00e9pic\u00e9a est d&rsquo;une couleur plus fonc\u00e9e que son cousin l&rsquo;europ\u00e9en, avec des nuances orange et roses. Il s&rsquo;agit du bois le plus utilis\u00e9 pour la guitare folk (steel string), offrant des qualit\u00e9s sonores (acoustique) exceptionnelles ainsi qu&rsquo;une excellente d\u00e9finition m\u00eame sous une forte attaque. Il a \u00e9t\u00e9 adopt\u00e9 par la majorit\u00e9 des grosses firmes am\u00e9ricaines (ex.Martin) et commence \u00e0 \u00eatre reconnu depuis quelques ann\u00e9es par les facteurs de guitare classique.<\/p>\n<p style=\"text-align: justify;\"><span style=\"text-decoration: underline;\">L&rsquo;\u00e9pic\u00e9a d&rsquo;Engelmann<\/span><\/p>\n<p style=\"text-align: justify;\"><a href=\"http:\/\/www.benoit-de-bretagne.com\/wp-content\/uploads\/2013\/08\/benoit-de-bretagne-epicea-engelmann.jpg\"><img loading=\"lazy\" width=\"144\" height=\"144\" class=\" wp-image-82 alignleft\" title=\"Epic\u00e9a Engelmann\" alt=\"Benoit de Bretagne Epic\u00e9a Engelmann\" src=\"http:\/\/www.benoit-de-bretagne.com\/wp-content\/uploads\/2013\/08\/benoit-de-bretagne-epicea-engelmann.jpg\" \/><\/a>\u00a0\u00a0 Du nom latin \u00ab\u00a0picea engelmannii\u00a0\u00bb et d&rsquo;une densit\u00e9 entre 340 et 450 kg\/m3. Celui-ci est une autre esp\u00e8ce d&rsquo;Am\u00e9rique du Nord et du Canada.D&rsquo;apparence similaire \u00e0 l&rsquo;\u00e9pic\u00e9a europ\u00e9en, il est parfois vendu comme tel par certains fournisseurs et on le compare souvent \u00e0 l&rsquo;\u00e9pic\u00e9a Allemand pour ses similarit\u00e9s acoustiques et visuelles. Son poids est inf\u00e9rieur \u00e0 l&rsquo;europ\u00e9en. Il ne pr\u00e9sente pas trop de contraste entre les pousses annuelles,maissemble plus r\u00e9gulier. Depuis quelques ann\u00e9es, il monte en popularit\u00e9 et fait grande concurrence aux autres \u00e9pic\u00e9as..<\/p>\n<p style=\"text-align: justify;\"><span style=\"text-decoration: underline;\">L&rsquo;\u00e9pic\u00e9a d&rsquo;Adirondack<\/span><\/p>\n<p style=\"text-align: justify;\">\u00a0\u00a0 Encore connu sous le nom d&rsquo; \u00ab\u00a0\u00e9pic\u00e9a rouge\u00a0\u00bb ou \u00ab\u00a0\u00e9pic\u00e9a des Appalaches\u00a0\u00bb, une essence fort utilis\u00e9e par les fabricants am\u00e9ricains de guitares \u00e0 cordes acier avant la 2\u00e8me guerre mondiale(ces instruments aujourd\u0092hui sont dit \u0094vintage\u0094 et pris\u00e9s des collectionneurs). R\u00e9utilis\u00e9 depuis 10 \u00e0 15ann\u00e9es par les luthiers \u00e0 la recherche de ce son puissant, clair, riche en harmoniques et dynamique(id\u00e9al pour le \u0093flat picking\u0094). Il est malheureusement difficile de le trouver en larges planches pour les plus grandes guitares et poss\u00e8de de nombreuses variations de grain et de couleurs qui peuvent \u0093rebuter\u0094 quelque peu musiciens et l\u0092artisan. Son prix est bien plus \u00e9lev\u00e9 que ses cousins, consid\u00e9r\u00e9 m\u00eame comme sup\u00e9rieur, voire comme le \u0093saint Graal\u0094 des tables d\u0092harmonies!!! Ces vieilles esp\u00e8ces de bois m\u00e9riteraient peut etre une plus grande attention sous risque de dispara\u00eetre compl\u00e8tement un jour\u0085.<\/p>\n<p style=\"text-align: justify;\"><span style=\"text-decoration: underline;\">Le c\u00e8dre rouge<\/span><\/p>\n<p style=\"text-align: justify;\"><a href=\"http:\/\/www.benoit-de-bretagne.com\/wp-content\/uploads\/2013\/08\/benoit-de-bretagne-cedre-rouge.jpg\"><img loading=\"lazy\" width=\"144\" height=\"144\" class=\" wp-image-83 alignleft\" title=\"C\u00e8dre Rouge\" alt=\"Benoit de Bretagne C\u00e8dre Rouge\" src=\"http:\/\/www.benoit-de-bretagne.com\/wp-content\/uploads\/2013\/08\/benoit-de-bretagne-cedre-rouge.jpg\" \/><\/a>\u00a0\u00a0 Son nom latin est \u00ab\u00a0thuya plicata\u00a0\u00bb, d&rsquo;une densit\u00e9 entre 320 et 420 kg\/m3. Il appartient \u00e0 la famille des thuyas et pas r\u00e9ellement \u00e0 celle du c\u00e8dre, ce terme lui ayant \u00e9t\u00e9 certainement donn\u00e9 pour des raisons commerciales. La vari\u00e9t\u00e9 utilis\u00e9e en lutherie provient des for\u00eats du Grand Nord Canadien et d&rsquo;Am\u00e9rique du Nord Ouest. A l&rsquo;oppos\u00e9 de l&rsquo;\u00e9pic\u00e9a, on le trouve en grande quantit\u00e9 et il est facile de s&rsquo;en procurer d&rsquo;excellente qualit\u00e9. Ce mat\u00e9riau est bien plus l\u00e9ger que l&rsquo;\u00e9pic\u00e9a ; il est \u00e9galement tr\u00e8s tendre et doit donc \u00eatre manipul\u00e9 avec une grande pr\u00e9caution, le plus petit copeau marquant sa surface. Sa couleur marron fonc\u00e9 plait d&rsquo;avantage que la blancheur de l&rsquo;\u00e9pic\u00e9a. Il combine aussi des qualit\u00e9s m\u00e9caniques remarquables : rigidit\u00e9, l\u00e9g\u00e8ret\u00e9, long\u00e9vit\u00e9 et stabilit\u00e9 ; une table en c\u00e8dre d\u00e9veloppe rarement des fissures ! Ce bois, \u00e9norm\u00e9ment utilis\u00e9 en guitare classique ces quinze derni\u00e8res ann\u00e9es gr\u00e2ce \u00e0 Jos\u00e9 RAMIREZ (l&rsquo;un des luthiers Espagnols les plus reconnus), a m\u00eame supplant\u00e9 l&rsquo;\u00e9pic\u00e9a. C&rsquo;est apr\u00e8s la premi\u00e8re guerre mondiale, et \u00e9tant donn\u00e9 la raret\u00e9 d&rsquo;\u00e9pic\u00e9a de haute qualit\u00e9, que Jos\u00e9 RAMIREZ cr\u00e9a une s\u00e9rie de prototypes en c\u00e8dre. Les guitares donn\u00e8rent un son \u00ab\u00a0plus ouvert\u00a0\u00bb. Et alors que les tables en \u00e9pic\u00e9a n&rsquo;atteignent leur potentiel qu&rsquo;apr\u00e8s quelques mois, voire ann\u00e9es, le c\u00e8dre semblerait donner un son plus imm\u00e9diat : un son tr\u00e8s puissant, avec des basses tr\u00e8s rondes et une sonorit\u00e9 plus riche et plus large. Une table d&rsquo;harmonie en c\u00e8dre doit \u00eatre d&rsquo;une qualit\u00e9 exceptionnelle et parfaitement coup\u00e9e au quartier.<\/p>\n<p style=\"text-align: justify;\"><span style=\"text-decoration: underline;\">Le c\u00e8dre jaune<\/span><\/p>\n<p style=\"text-align: justify;\">\u00a0\u00a0 Toutes ces esp\u00e8ces ont \u00e9t\u00e9 utilis\u00e9es pour la fabrication d&rsquo;instruments mais ne sont pas encore accept\u00e9es par la majorit\u00e9 des luthiers. C&rsquo;est le cas du Redwood, de son nom latin \u00ab\u00a0sequoia sempervirons\u00a0\u00bb : il a la m\u00eame densit\u00e9 que le c\u00e8dre rouge ou que l&rsquo;\u00e9pic\u00e9a d&rsquo;Engelmann (entre 340 et 460 kg\/m3) ; son apparence est similaire \u00e0 celle du c\u00e8dre rouge mais il n&rsquo;y a aucune comparaison quant \u00e0 la sonorit\u00e9 ! C&rsquo;est le bois choisi, pour 80% de sa fabrication, par le luthier am\u00e9ricain Jos\u00e9 ORIBE.<\/p>\n<p style=\"text-align: justify;\">\n<p><\/p>","protected":false},"excerpt":{"rendered":"<p>La table d&rsquo;harmonie \u00a0\u00a0 La table d&rsquo;harmonie est l&rsquo;\u00e2me de l&rsquo;instrument. Sa pr\u00e9paration requiert la plus grande attention et une extr\u00eame propret\u00e9 ; elle doit \u00eatre choisie attentivement selon sa structure et d&rsquo;autres crit\u00e8res (cf. \u00ab\u00a0la s\u00e9lection de qualit\u00e9\u00a0\u00bb dans l&rsquo;introduction). Les esp\u00e8ces utilis\u00e9es pour la table, appel\u00e9es aussi \u00ab\u00a0bois de r\u00e9sonance\u00a0\u00bb, appartiennent \u00e0 la [&hellip;]<\/p>\n","protected":false},"author":1,"featured_media":0,"parent":33,"menu_order":0,"comment_status":"closed","ping_status":"closed","template":"pDefault.php","meta":{"ngg_post_thumbnail":0},"_links":{"self":[{"href":"https:\/\/www.benoit-de-bretagne.com\/index.php?rest_route=\/wp\/v2\/pages\/71"}],"collection":[{"href":"https:\/\/www.benoit-de-bretagne.com\/index.php?rest_route=\/wp\/v2\/pages"}],"about":[{"href":"https:\/\/www.benoit-de-bretagne.com\/index.php?rest_route=\/wp\/v2\/types\/page"}],"author":[{"embeddable":true,"href":"https:\/\/www.benoit-de-bretagne.com\/index.php?rest_route=\/wp\/v2\/users\/1"}],"replies":[{"embeddable":true,"href":"https:\/\/www.benoit-de-bretagne.com\/index.php?rest_route=%2Fwp%2Fv2%2Fcomments&post=71"}],"version-history":[{"count":9,"href":"https:\/\/www.benoit-de-bretagne.com\/index.php?rest_route=\/wp\/v2\/pages\/71\/revisions"}],"predecessor-version":[{"id":1170,"href":"https:\/\/www.benoit-de-bretagne.com\/index.php?rest_route=\/wp\/v2\/pages\/71\/revisions\/1170"}],"up":[{"embeddable":true,"href":"https:\/\/www.benoit-de-bretagne.com\/index.php?rest_route=\/wp\/v2\/pages\/33"}],"wp:attachment":[{"href":"https:\/\/www.benoit-de-bretagne.com\/index.php?rest_route=%2Fwp%2Fv2%2Fmedia&parent=71"}],"curies":[{"name":"wp","href":"https:\/\/api.w.org\/{rel}","templated":true}]}}