{"id":700,"date":"2013-10-01T20:40:30","date_gmt":"2013-10-01T19:40:30","guid":{"rendered":"http:\/\/www.benoit-de-bretagne.com\/?page_id=700"},"modified":"2014-04-22T12:55:28","modified_gmt":"2014-04-22T11:55:28","slug":"reglages","status":"publish","type":"page","link":"https:\/\/www.benoit-de-bretagne.com\/?page_id=700","title":{"rendered":"R\u00e9glages"},"content":{"rendered":"<p><\/p>\n<p style=\"text-align: justify;\">Chaque guitare m\u00e9rite d\u2019\u00eatre r\u00e9gl\u00e9e, que ce soit un mod\u00e8le d\u2019entr\u00e9e de gamme, qu\u2019un mod\u00e8le plus on\u00e9reux.<\/p>\n<p style=\"text-align: justify;\">Le r\u00e9glage permet de sortir le meilleur de votre instrument (sonorit\u00e9, comme jouabilit\u00e9), et ceci pour parfois quelques euros !!!<br \/>\n<span style=\"font-size: small;\"><em>(par exemple : r\u00e9glage manche, hauteur des cordes, polissage des frettes et huilage de touches pour 15 E)<\/em><\/span><br \/>\n<strong>Rare sont les mod\u00e8les (m\u00eame haut de gamme) sortant r\u00e9gl\u00e9s d\u2019usine !<\/strong><\/p>\n<p style=\"text-align: justify;\"><span style=\"text-decoration: underline;\">C\u2019est pourquoi les points suivants sont v\u00e9rifier et \u00e0 peaufiner :<\/span><\/p>\n<ol>\n<li>\u00a0 La plan\u00e9ti\u00e9 du manche ( Truss Rod \/ tige interne de r\u00e9glage de manche)<\/li>\n<li>\u00a0 La hauteur des cordes (confort : sillet de chevalet et sillet de t\u00eate)<\/li>\n<li>\u00a0 La justesse (intonation)<\/li>\n<li>\u00a0 Le montage des cordes (stabilit\u00e9 de l\u2019accordage)<\/li>\n<li>\u00a0 La r\u00e9solution des probl\u00e8mes de frizes (bruits parasites li\u00e9s aux frettes us\u00e9es ou mal pos\u00e9es ou des sillets)<\/li>\n<li>\u00a0 L\u2019am\u00e9lioration du son (sillet en os ou nouvel accastillage)<\/li>\n<li>\u00a0 La r\u00e9solution de probl\u00e8mes li\u00e9s \u00e0 l\u2019hygrom\u00e9trie (frettes d\u00e9coll\u00e9es ou bords saillants)<\/li>\n<li>\u00a0 Les pannes \u00e9lectroniques ou remplacement des micros<\/li>\n<li>\u00a0 Entretien des bois (huilage de la touche) et des vernis<\/li>\n<li>\u00a0 V\u00e9rifications et am\u00e9liorations de l\u2019accastillage (vibratos, flyod rose, flottants\u2026), duret\u00e9 et huilage des m\u00e9canismes\u2026<\/li>\n<li>\u00a0 Pose de nouvelles pi\u00e8ces de meilleure qualit\u00e9, am\u00e9lioration (attaches courroies de s\u00e9curit\u00e9, pr\u00e9amplification&#8230;)<\/li>\n<\/ol>\n<p>A l\u2019atelier Benoit de Bretagne, 300 guitares sont ainsi r\u00e9vis\u00e9es et soign\u00e9es par ann\u00e9e !<\/p>","protected":false},"excerpt":{"rendered":"<p>Chaque guitare m\u00e9rite d\u2019\u00eatre r\u00e9gl\u00e9e, que ce soit un mod\u00e8le d\u2019entr\u00e9e de gamme, qu\u2019un mod\u00e8le plus on\u00e9reux. Le r\u00e9glage permet de sortir le meilleur de votre instrument (sonorit\u00e9, comme jouabilit\u00e9), et ceci pour parfois quelques euros !!! (par exemple : r\u00e9glage manche, hauteur des cordes, polissage des frettes et huilage de touches pour 15 E) [&hellip;]<\/p>\n","protected":false},"author":1,"featured_media":0,"parent":0,"menu_order":0,"comment_status":"closed","ping_status":"closed","template":"pDefault.php","meta":{"ngg_post_thumbnail":0},"_links":{"self":[{"href":"https:\/\/www.benoit-de-bretagne.com\/index.php?rest_route=\/wp\/v2\/pages\/700"}],"collection":[{"href":"https:\/\/www.benoit-de-bretagne.com\/index.php?rest_route=\/wp\/v2\/pages"}],"about":[{"href":"https:\/\/www.benoit-de-bretagne.com\/index.php?rest_route=\/wp\/v2\/types\/page"}],"author":[{"embeddable":true,"href":"https:\/\/www.benoit-de-bretagne.com\/index.php?rest_route=\/wp\/v2\/users\/1"}],"replies":[{"embeddable":true,"href":"https:\/\/www.benoit-de-bretagne.com\/index.php?rest_route=%2Fwp%2Fv2%2Fcomments&post=700"}],"version-history":[{"count":4,"href":"https:\/\/www.benoit-de-bretagne.com\/index.php?rest_route=\/wp\/v2\/pages\/700\/revisions"}],"predecessor-version":[{"id":1247,"href":"https:\/\/www.benoit-de-bretagne.com\/index.php?rest_route=\/wp\/v2\/pages\/700\/revisions\/1247"}],"wp:attachment":[{"href":"https:\/\/www.benoit-de-bretagne.com\/index.php?rest_route=%2Fwp%2Fv2%2Fmedia&parent=700"}],"curies":[{"name":"wp","href":"https:\/\/api.w.org\/{rel}","templated":true}]}}