{"id":53,"date":"2013-08-30T10:33:31","date_gmt":"2013-08-30T09:33:31","guid":{"rendered":"http:\/\/www.benoit-de-bretagne.com\/?page_id=53"},"modified":"2013-08-30T10:46:26","modified_gmt":"2013-08-30T09:46:26","slug":"introduction","status":"publish","type":"page","link":"https:\/\/www.benoit-de-bretagne.com\/?page_id=53","title":{"rendered":"Introduction"},"content":{"rendered":"<p style=\"padding-left: 30px;\"><span style=\"text-decoration: underline;\">Les diff\u00e9rentes essences et les diff\u00e9rents composants d&rsquo;une guitare<\/span><\/p>\n<p style=\"text-align: justify;\">\u00a0\u00a0 Nombreux sont les bois commercialement disponibles pour la facture de guitare. Ceux acoustiquement sensibles sont appel\u00e9s \u00ab\u00a0<em>bois de r\u00e9sonance<\/em>\u00a0\u00bb ; cependant, tr\u00e8s peu de ces esp\u00e8ces sont utilis\u00e9es puisque musiciens, vendeurs et acheteurs ont tendance \u00e0 \u00eatre quelque peu conservateurs, pr\u00e9f\u00e9rant acqu\u00e9rir des instruments fabriqu\u00e9s dans des bois \u00ab\u00a0reconnus\u00a0\u00bb.<\/p>\n<p style=\"text-align: justify;\">\u00a0\u00a0 Ceci est un probl\u00e8me pour le luthier qui d\u00e9sire suivre une ligne de conduite \u00ab\u00a0<em>\u00e9cologique<\/em>\u00a0\u00bb respectant l&rsquo;environnement, en utilisant une source non tarissable : les bois de nos r\u00e9gions. Il y a quelques centaines d&rsquo;ann\u00e9es, les relations commerciales avec d&rsquo;autres pays (Br\u00e9sil, Inde, Etc&#8230;.) ont institu\u00e9 les \u00ab\u00a0bonnes essences\u00a0\u00bb, soit de par leur valeur rare, leur prestige ou, plus souvent, de par leur disponibilit\u00e9 et leur moindre co\u00fbt. Ceci cr\u00e9a certaines associations-type entre instrument et bois (ex. : la guitare flamenco et le cypr\u00e8s).<\/p>\n<div id=\"attachment_57\" style=\"width: 310px\" class=\"wp-caption alignleft\"><a href=\"http:\/\/www.benoit-de-bretagne.com\/wp-content\/uploads\/2013\/08\/benoit-de-bretagne-lutherie-coupe.jpg\"><img aria-describedby=\"caption-attachment-57\" loading=\"lazy\" class=\"size-medium wp-image-57 \" title=\"Benoit de Bretagne Lutherie Coupe\" alt=\"Benoit de Bretagne Lutherie Coupe\" src=\"http:\/\/www.benoit-de-bretagne.com\/wp-content\/uploads\/2013\/08\/benoit-de-bretagne-lutherie-coupe-300x149.jpg\" width=\"300\" height=\"149\" srcset=\"https:\/\/www.benoit-de-bretagne.com\/wp-content\/uploads\/2013\/08\/benoit-de-bretagne-lutherie-coupe-300x149.jpg 300w, https:\/\/www.benoit-de-bretagne.com\/wp-content\/uploads\/2013\/08\/benoit-de-bretagne-lutherie-coupe.jpg 613w\" sizes=\"(max-width: 300px) 100vw, 300px\" \/><\/a><p id=\"caption-attachment-57\" class=\"wp-caption-text\">Benoit de Bretagne Lutherie Coupe<\/p><\/div>\n<p style=\"text-align: justify;\">\u00a0\u00a0 Une s\u00e9lection de qualit\u00e9 est tr\u00e8s importante dans la fabrication d&rsquo;instruments : la \u00ab\u00a0<em>coupe au papillon<\/em>\u00a0\u00bb (m\u00eame sym\u00e9trie dans les morceaux), la \u00ab\u00a0<em>coupe au quartier<\/em>\u00ab\u00a0, la maille, un grain droit, un son distinct au tapotement, une solidit\u00e9 le long et au travers du morceau, etc&#8230; On choisit toujours une \u00ab\u00a0coupe au quartier\u00a0\u00bb pour sa r\u00e9sistance sup\u00e9rieure, son uniformit\u00e9 et sa stabilit\u00e9.<\/p>\n<p style=\"text-align: justify;\">\u00a0\u00a0 Le bois doit ensuite \u00eatre stock\u00e9 dans un environnement stable, loin de toutes portes et fen\u00eatres, \u00e0 un taux d&rsquo;humidit\u00e9 constant, entre 45 et 55 %, c&rsquo;est \u00e0 dire plut\u00f4t sec. Le mat\u00e9riaux sont empil\u00e9s proprement, s\u00e9par\u00e9s par des tasseaux, laissant ainsi passer l&rsquo;air et s\u00e9cher le bois naturellement ; des poids sont pos\u00e9s sur la pile.<\/p>\n","protected":false},"excerpt":{"rendered":"<p>Les diff\u00e9rentes essences et les diff\u00e9rents composants d&rsquo;une guitare \u00a0\u00a0 Nombreux sont les bois commercialement disponibles pour la facture de guitare. Ceux acoustiquement sensibles sont appel\u00e9s \u00ab\u00a0bois de r\u00e9sonance\u00a0\u00bb ; cependant, tr\u00e8s peu de ces esp\u00e8ces sont utilis\u00e9es puisque musiciens, vendeurs et acheteurs ont tendance \u00e0 \u00eatre quelque peu conservateurs, pr\u00e9f\u00e9rant acqu\u00e9rir des instruments fabriqu\u00e9s [&hellip;]<\/p>\n","protected":false},"author":1,"featured_media":0,"parent":33,"menu_order":0,"comment_status":"closed","ping_status":"closed","template":"pDefault.php","meta":{"ngg_post_thumbnail":0},"_links":{"self":[{"href":"https:\/\/www.benoit-de-bretagne.com\/index.php?rest_route=\/wp\/v2\/pages\/53"}],"collection":[{"href":"https:\/\/www.benoit-de-bretagne.com\/index.php?rest_route=\/wp\/v2\/pages"}],"about":[{"href":"https:\/\/www.benoit-de-bretagne.com\/index.php?rest_route=\/wp\/v2\/types\/page"}],"author":[{"embeddable":true,"href":"https:\/\/www.benoit-de-bretagne.com\/index.php?rest_route=\/wp\/v2\/users\/1"}],"replies":[{"embeddable":true,"href":"https:\/\/www.benoit-de-bretagne.com\/index.php?rest_route=%2Fwp%2Fv2%2Fcomments&post=53"}],"version-history":[{"count":13,"href":"https:\/\/www.benoit-de-bretagne.com\/index.php?rest_route=\/wp\/v2\/pages\/53\/revisions"}],"predecessor-version":[{"id":56,"href":"https:\/\/www.benoit-de-bretagne.com\/index.php?rest_route=\/wp\/v2\/pages\/53\/revisions\/56"}],"up":[{"embeddable":true,"href":"https:\/\/www.benoit-de-bretagne.com\/index.php?rest_route=\/wp\/v2\/pages\/33"}],"wp:attachment":[{"href":"https:\/\/www.benoit-de-bretagne.com\/index.php?rest_route=%2Fwp%2Fv2%2Fmedia&parent=53"}],"curies":[{"name":"wp","href":"https:\/\/api.w.org\/{rel}","templated":true}]}}