{"id":33,"date":"2013-08-30T09:41:16","date_gmt":"2013-08-30T08:41:16","guid":{"rendered":"http:\/\/www.benoit-de-bretagne.com\/?page_id=33"},"modified":"2014-01-24T14:47:13","modified_gmt":"2014-01-24T13:47:13","slug":"lutherie","status":"publish","type":"page","link":"https:\/\/www.benoit-de-bretagne.com\/?page_id=33","title":{"rendered":"Lutherie"},"content":{"rendered":"<p><\/p>\n<div class=\"toto\">\n<div id=\"headLut\">\n<div id=\"divTxt\">\n<p style=\"text-align: left;\"><span style=\"font-size: x-large;\">Sommaire<\/span><\/p>\n<ul>\n<li>Introduction<\/li>\n<li>Les facteurs bois\n<ul>\n<li><a title=\"La table d\u2019harmonie\" href=\"http:\/\/www.benoit-de-bretagne.com\/?page_id=71\">La table d&rsquo;harmonie<\/a><\/li>\n<li><a title=\"Le fond et les \u00e9clisses\" href=\"http:\/\/www.benoit-de-bretagne.com\/?page_id=87\">Le fond et les \u00e9clisses<\/a><\/li>\n<\/ul>\n<\/li>\n<li><a title=\"Les bois de touche\" href=\"http:\/\/www.benoit-de-bretagne.com\/?page_id=125\">Les bois de touche<\/a><\/li>\n<li><a title=\"Les nouveaux mat\u00e9riaux\" href=\"http:\/\/www.benoit-de-bretagne.com\/?page_id=132\">Les nouveaux mat\u00e9riaux<\/a><\/li>\n<li><a title=\"L\u2019entretien de la guitare\" href=\"http:\/\/www.benoit-de-bretagne.com\/?page_id=136\">L&rsquo;entretien de la guitare<\/a><\/li>\n<\/ul>\n<\/div>\n<div id=\"divImg\"><img alt=\"\" src=\"http:\/\/www.benoit-de-bretagne.com\/wp-content\/uploads\/2013\/08\/benoit-de-bretagne-lutherie-sommaire.jpg\" \/><\/div>\n<\/div>\n<div id=\"divTxt2\">\n<p style=\"padding-left: 30px;\"><strong>INTRODUCTION<\/strong><\/p>\n<p style=\"padding-left: 30px;\"><span style=\"text-decoration: underline;\">Les diff\u00e9rentes essences et les diff\u00e9rents composants d&rsquo;une guitare<\/span><\/p>\n<p style=\"text-align: justify;\">Nombreux sont les bois commercialement disponibles pour la facture de guitare. Ceux acoustiquement sensibles sont appel\u00e9s \u00ab\u00a0<em>bois de r\u00e9sonance<\/em>\u00a0\u00bb ; cependant, tr\u00e8s peu de ces esp\u00e8ces sont utilis\u00e9es puisque musiciens, vendeurs et acheteurs ont tendance \u00e0 \u00eatre quelque peu conservateurs, pr\u00e9f\u00e9rant acqu\u00e9rir des instruments fabriqu\u00e9s dans des bois \u00ab\u00a0reconnus\u00a0\u00bb.<\/p>\n<p style=\"text-align: justify;\">Ceci est un probl\u00e8me pour le luthier qui d\u00e9sire suivre une ligne de conduite \u00ab\u00a0<em>\u00e9cologique<\/em>\u00a0\u00bb respectant l&rsquo;environnement, en utilisant une source non tarissable : les bois de nos r\u00e9gions. Il y a quelques centaines d&rsquo;ann\u00e9es, les relations commerciales avec d&rsquo;autres pays (Br\u00e9sil, Inde, Etc&#8230;.) ont institu\u00e9 les \u00ab\u00a0bonnes essences\u00a0\u00bb, soit de par leur valeur rare, leur prestige ou, plus souvent, de par leur disponibilit\u00e9 et leur moindre co\u00fbt. Ceci cr\u00e9a certaines associations-type entre instrument et bois (ex. : la guitare flamenco et le cypr\u00e8s).<\/p>\n<p><a href=\"http:\/\/www.benoit-de-bretagne.com\/wp-content\/uploads\/2013\/08\/benoit-de-bretagne-lutherie-coupe.jpg\"><img loading=\"lazy\" width=\"300\" height=\"149\" class=\" wp-image-57  alignleft\" title=\"Benoit de Bretagne Lutherie Coupe\" alt=\"Benoit de Bretagne Lutherie Coupe\" src=\"http:\/\/www.benoit-de-bretagne.com\/wp-content\/uploads\/2013\/08\/benoit-de-bretagne-lutherie-coupe-300x149.jpg\" srcset=\"https:\/\/www.benoit-de-bretagne.com\/wp-content\/uploads\/2013\/08\/benoit-de-bretagne-lutherie-coupe-300x149.jpg 300w, https:\/\/www.benoit-de-bretagne.com\/wp-content\/uploads\/2013\/08\/benoit-de-bretagne-lutherie-coupe.jpg 613w\" sizes=\"(max-width: 300px) 100vw, 300px\" \/><\/a><\/p>\n<p style=\"text-align: justify;\">Une s\u00e9lection de qualit\u00e9 est tr\u00e8s importante dans la fabrication d&rsquo;instruments : la \u00ab\u00a0<em>coupe au papillon<\/em>\u00a0\u00bb (m\u00eame sym\u00e9trie dans les morceaux), la \u00ab\u00a0<em>coupe au quartier<\/em>\u00ab\u00a0, la maille, un grain droit, un son distinct au tapotement, une solidit\u00e9 le long et au travers du morceau, etc&#8230; On choisit toujours une \u00ab\u00a0coupe au quartier\u00a0\u00bb pour sa r\u00e9sistance sup\u00e9rieure, son uniformit\u00e9 et sa stabilit\u00e9.<\/p>\n<p style=\"text-align: justify;\">Le bois doit ensuite \u00eatre stock\u00e9 dans un environnement stable, loin de toutes portes et fen\u00eatres, \u00e0 un taux d&rsquo;humidit\u00e9 constant, entre 45 et 55 %, c&rsquo;est \u00e0 dire plut\u00f4t sec. Le mat\u00e9riaux sont empil\u00e9s proprement, s\u00e9par\u00e9s par des tasseaux, laissant ainsi passer l&rsquo;air et s\u00e9cher le bois naturellement ; des poids sont pos\u00e9s sur la pile.<\/p>\n<\/div>\n<\/div>\n<p><\/p>","protected":false},"excerpt":{"rendered":"<p>Sommaire Introduction Les facteurs bois La table d&rsquo;harmonie Le fond et les \u00e9clisses Les bois de touche Les nouveaux mat\u00e9riaux L&rsquo;entretien de la guitare INTRODUCTION Les diff\u00e9rentes essences et les diff\u00e9rents composants d&rsquo;une guitare Nombreux sont les bois commercialement disponibles pour la facture de guitare. Ceux acoustiquement sensibles sont appel\u00e9s \u00ab\u00a0bois de r\u00e9sonance\u00a0\u00bb ; cependant, [&hellip;]<\/p>\n","protected":false},"author":1,"featured_media":0,"parent":26,"menu_order":0,"comment_status":"closed","ping_status":"closed","template":"pDefault.php","meta":{"ngg_post_thumbnail":0},"_links":{"self":[{"href":"https:\/\/www.benoit-de-bretagne.com\/index.php?rest_route=\/wp\/v2\/pages\/33"}],"collection":[{"href":"https:\/\/www.benoit-de-bretagne.com\/index.php?rest_route=\/wp\/v2\/pages"}],"about":[{"href":"https:\/\/www.benoit-de-bretagne.com\/index.php?rest_route=\/wp\/v2\/types\/page"}],"author":[{"embeddable":true,"href":"https:\/\/www.benoit-de-bretagne.com\/index.php?rest_route=\/wp\/v2\/users\/1"}],"replies":[{"embeddable":true,"href":"https:\/\/www.benoit-de-bretagne.com\/index.php?rest_route=%2Fwp%2Fv2%2Fcomments&post=33"}],"version-history":[{"count":33,"href":"https:\/\/www.benoit-de-bretagne.com\/index.php?rest_route=\/wp\/v2\/pages\/33\/revisions"}],"predecessor-version":[{"id":706,"href":"https:\/\/www.benoit-de-bretagne.com\/index.php?rest_route=\/wp\/v2\/pages\/33\/revisions\/706"}],"up":[{"embeddable":true,"href":"https:\/\/www.benoit-de-bretagne.com\/index.php?rest_route=\/wp\/v2\/pages\/26"}],"wp:attachment":[{"href":"https:\/\/www.benoit-de-bretagne.com\/index.php?rest_route=%2Fwp%2Fv2%2Fmedia&parent=33"}],"curies":[{"name":"wp","href":"https:\/\/api.w.org\/{rel}","templated":true}]}}