{"id":26,"date":"2013-08-29T15:06:50","date_gmt":"2013-08-29T14:06:50","guid":{"rendered":"http:\/\/www.benoit-de-bretagne.com\/?page_id=26"},"modified":"2013-11-02T16:30:40","modified_gmt":"2013-11-02T15:30:40","slug":"atelier","status":"publish","type":"page","link":"https:\/\/www.benoit-de-bretagne.com\/?page_id=26","title":{"rendered":"L&rsquo;atelier"},"content":{"rendered":"<p><div id=\"attachment_30\" style=\"width: 310px\" class=\"wp-caption alignleft\"><a href=\"http:\/\/www.benoit-de-bretagne.com\/wp-content\/uploads\/2013\/08\/benoit-de-bretagne-atelier.jpg\"><img aria-describedby=\"caption-attachment-30\" loading=\"lazy\" class=\"size-medium wp-image-30 \" title=\"Benoit de Bretagne Atelier Bernieulles\" alt=\"Benoit de Bretagne Atelier\" src=\"http:\/\/www.benoit-de-bretagne.com\/wp-content\/uploads\/2013\/08\/benoit-de-bretagne-atelier-300x221.jpg\" width=\"300\" height=\"221\" srcset=\"https:\/\/www.benoit-de-bretagne.com\/wp-content\/uploads\/2013\/08\/benoit-de-bretagne-atelier-300x221.jpg 300w, https:\/\/www.benoit-de-bretagne.com\/wp-content\/uploads\/2013\/08\/benoit-de-bretagne-atelier.jpg 434w\" sizes=\"(max-width: 300px) 100vw, 300px\" \/><\/a><p id=\"caption-attachment-30\" class=\"wp-caption-text\">Atelier de Benoit de Bretagne \u00e0 Bernieulles<\/p><\/div><\/p>\n<p>Bernieulles, petit village du Pas de Calais. C&rsquo;est ici que Benoit de Bretagne a pos\u00e9 ses rabots et ciseaux \u00e0 bois apr\u00e8s quatre ann\u00e9es d&rsquo;\u00e9tudes en Angleterre.<\/p>\n<p>Il commen\u00e7a \u00e0 se former \u00e0 la lutherie du quatuor (famille du violon), puis il s&rsquo;orienta vers la facture de guitares acoustiques, d&rsquo;abord au \u00ab\u00a0Leeds College of Music\u00a0\u00bb aupr\u00e8s du luthier Peter Barton puis au \u00ab\u00a0London Guildhall University\u00a0\u00bb<\/p>\n<p>Aujourd&rsquo;hui Benoit de Bretagne fabrique, r\u00e9pare et restaure les instruments de la famille de la guitare : classiques, flamenca, folk , jazz manouche, mandolines, ukul\u00e9l\u00e9, etc&#8230;<\/p>\n<p>Il est \u00e9galement r\u00e9dacteur d&rsquo;une rubrique de lutherie pour le magazine Guitariste Acoustic, Guitariste Classique, Unplugged, guitare s\u00eache de 2005 \u00e0 2010.<\/p>\n<p><strong><span style=\"text-decoration: underline;\">Horaires d\u2019ouverture :<\/span> <a title=\"Contact\" href=\"http:\/\/www.benoit-de-bretagne.com\/?page_id=144\">Merci de prendre rendez-vous<\/a><\/strong><\/p>\n<p><a href=\"http:\/\/www.benoit-de-bretagne.com\/wp-content\/uploads\/2013\/08\/atelier-02-b-small.jpg\"><img loading=\"lazy\" class=\"alignleft size-large wp-image-1007\" alt=\"Atelier Benoit de Bretagne\" src=\"http:\/\/www.benoit-de-bretagne.com\/wp-content\/uploads\/2013\/08\/atelier-02-b-small-1024x332.jpg\" width=\"625\" height=\"202\" srcset=\"https:\/\/www.benoit-de-bretagne.com\/wp-content\/uploads\/2013\/08\/atelier-02-b-small-1024x332.jpg 1024w, https:\/\/www.benoit-de-bretagne.com\/wp-content\/uploads\/2013\/08\/atelier-02-b-small-300x97.jpg 300w, https:\/\/www.benoit-de-bretagne.com\/wp-content\/uploads\/2013\/08\/atelier-02-b-small-624x202.jpg 624w\" sizes=\"(max-width: 625px) 100vw, 625px\" \/><\/a><\/p>","protected":false},"excerpt":{"rendered":"<p>Bernieulles, petit village du Pas de Calais. C&rsquo;est ici que Benoit de Bretagne a pos\u00e9 ses rabots et ciseaux \u00e0 bois apr\u00e8s quatre ann\u00e9es d&rsquo;\u00e9tudes en Angleterre. Il commen\u00e7a \u00e0 se former \u00e0 la lutherie du quatuor (famille du violon), puis il s&rsquo;orienta vers la facture de guitares acoustiques, d&rsquo;abord au \u00ab\u00a0Leeds College of Music\u00a0\u00bb [&hellip;]<\/p>\n","protected":false},"author":1,"featured_media":0,"parent":0,"menu_order":0,"comment_status":"closed","ping_status":"closed","template":"pDefault.php","meta":{"ngg_post_thumbnail":0},"_links":{"self":[{"href":"https:\/\/www.benoit-de-bretagne.com\/index.php?rest_route=\/wp\/v2\/pages\/26"}],"collection":[{"href":"https:\/\/www.benoit-de-bretagne.com\/index.php?rest_route=\/wp\/v2\/pages"}],"about":[{"href":"https:\/\/www.benoit-de-bretagne.com\/index.php?rest_route=\/wp\/v2\/types\/page"}],"author":[{"embeddable":true,"href":"https:\/\/www.benoit-de-bretagne.com\/index.php?rest_route=\/wp\/v2\/users\/1"}],"replies":[{"embeddable":true,"href":"https:\/\/www.benoit-de-bretagne.com\/index.php?rest_route=%2Fwp%2Fv2%2Fcomments&post=26"}],"version-history":[{"count":12,"href":"https:\/\/www.benoit-de-bretagne.com\/index.php?rest_route=\/wp\/v2\/pages\/26\/revisions"}],"predecessor-version":[{"id":1048,"href":"https:\/\/www.benoit-de-bretagne.com\/index.php?rest_route=\/wp\/v2\/pages\/26\/revisions\/1048"}],"wp:attachment":[{"href":"https:\/\/www.benoit-de-bretagne.com\/index.php?rest_route=%2Fwp%2Fv2%2Fmedia&parent=26"}],"curies":[{"name":"wp","href":"https:\/\/api.w.org\/{rel}","templated":true}]}}