{"id":136,"date":"2013-08-30T22:41:50","date_gmt":"2013-08-30T21:41:50","guid":{"rendered":"http:\/\/www.benoit-de-bretagne.com\/?page_id=136"},"modified":"2014-01-24T14:54:38","modified_gmt":"2014-01-24T13:54:38","slug":"lentretien-de-la-guitare","status":"publish","type":"page","link":"https:\/\/www.benoit-de-bretagne.com\/?page_id=136","title":{"rendered":"L&rsquo;entretien de la guitare"},"content":{"rendered":"<p>une rubrique (non exhaustive) avec \u00ab\u00a0trucs &amp; astuces\u00a0\u00bb afin de bichonner, redonner un coup de jeunesse \u00e0 votre instrument pr\u00e9f\u00e9r\u00e9.<\/p>\n<p style=\"text-align: center;\"><a href=\"http:\/\/www.benoit-de-bretagne.com\/wp-content\/uploads\/2013\/08\/benoit-de-bretagne-entretien-guitare.jpg\"><img loading=\"lazy\" class=\"aligncenter  wp-image-138\" title=\"Entretien de la guitare\" alt=\"Benoit de Bretagne - Entretien de la guitare\" src=\"http:\/\/www.benoit-de-bretagne.com\/wp-content\/uploads\/2013\/08\/benoit-de-bretagne-entretien-guitare.jpg\" width=\"340\" height=\"254\" srcset=\"https:\/\/www.benoit-de-bretagne.com\/wp-content\/uploads\/2013\/08\/benoit-de-bretagne-entretien-guitare.jpg 340w, https:\/\/www.benoit-de-bretagne.com\/wp-content\/uploads\/2013\/08\/benoit-de-bretagne-entretien-guitare-300x224.jpg 300w\" sizes=\"(max-width: 340px) 100vw, 340px\" \/><\/a><\/p>\n<p style=\"text-align: justify;\"><span style=\"text-decoration: underline;\">Les cordes<\/span><\/p>\n<p style=\"text-align: justify;\">\u00a0\u00a0 La transpiration oxyde \u00e9norm\u00e9ment les cordes, diminuant ainsi leur dur\u00e9e de vie. Apr\u00e8s chaque concert ou r\u00e9p\u00e9tition, il faut passer un petit coup de chiffon sur et sous les cordes ainsi que sur la touche. Changez r\u00e9guli\u00e8rement vos cordes en fonction de la fr\u00e9quence et conditions de leur utilisation (en g\u00e9n\u00e9ral pour le classique changez 2fois les basses avant de changer le jeu complet, en profiter pour nettoyer la touche). Un jeu \u00e0 tension Forte (ex : Savarez Corum Alliance Bleu) peut parfois redonner souffle \u00e0 votre guitare !<\/p>\n<p style=\"text-align: justify;\"><span style=\"text-decoration: underline;\">La touche<\/span><\/p>\n<p style=\"text-align: justify;\">\u00a0\u00a0 Se laver les mains avant de jouer peut \u00eatre le premier r\u00e9flexe. Une touche \u00e9b\u00e8ne, palissandre n&rsquo;est pas vernie, c&rsquo;est pour cela qu&rsquo;il faut la prot\u00e9ger. Elle n&rsquo;est pas toujours facile \u00e0 nettoyer, la sudation s&rsquo;incrustant dans les pores du bois, pour cela \u00a0\u00bble Grand Nettoyage\u00a0\u00bb 2 fois par an est n\u00e9cessaire :<\/p>\n<ul>\n<li style=\"text-align: justify;\">Enlevez les cordes.<\/li>\n<li style=\"text-align: justify;\">Pr\u00e9parez dans une tasse de l&rsquo;eau chaude et 3gouttes de d\u00e9tergent vaisselle, y plonger un chiffon coton.<\/li>\n<li style=\"text-align: justify;\">Essorez (attention, ouille, c&rsquo;est chaud !) compl\u00e8tement le chiffon afin qu&rsquo;il soit juste chaud et \u00e0 peine humide, n&rsquo;h\u00e9sitez pas \u00e0 frotter pour enlever toute la crasse incrust\u00e9e pr\u00e8s des frettes (on peut utiliser son ongle le long de la frette mais attention \u00e0 ne pas rayer le bois!).<\/li>\n<li style=\"text-align: justify;\">Huiler ensuite la touche afin de nourrir et prot\u00e9ger le bois, le \u00a0\u00bbMust\u00a0\u00bb \u00e9tant l&rsquo;huile de citron (provenant du Citronnier, l&rsquo;arbre, et non du fruit) que l&rsquo;on peut trouver chez son luthier pr\u00e9f\u00e9r\u00e9, parfois en magasin de musique, \u00e0 appliquer avec un chiffon doux, sinon le Fast Fret de GHS (un tampon) peut la remplacer &#8211; environ 7.50euros chaque &#8211; d&rsquo;autres huiles sont parfois utilis\u00e9es : huile de Teck, de Lin, d&rsquo;Olive mais je les trouve soit trop odorantes ou grasses.<\/li>\n<li style=\"text-align: justify;\">Laisser p\u00e9n\u00e9trer durant 2minutes, rappliquez autant de fois que l&rsquo;huile soit bue.<\/li>\n<li style=\"text-align: justify;\">Essuyez l&rsquo;exc\u00e9dent avec un chiffon coton qui donnera un beau fini uni et poli.<\/li>\n<\/ul>\n<p style=\"text-align: justify;\"><span style=\"text-decoration: underline;\">La caisse<\/span><\/p>\n<p style=\"text-align: justify;\">\u00a0\u00a0 En premier lieu, essuyez la transpiration sur le manche, fond, table, etc.\u0085 avec un chiffon doux ,chamoisine de grande surface (utilis\u00e9es par toute bonne \u00a0\u00bb f\u00e9e du logis\u00a0\u00bb) ou une peau de chamois, cette sudation ronge les vernis, certains sont plus sensibles que d&rsquo;autres : vernis au tampon, cellulosique. Ne pas passer des essences, t\u00e9r\u00e9benthine, alcool, trichlor\u00e9thyl\u00e8ne, white spirit, ceci pourrait endommager cette fine protection du bois. Ne pas appliquer des produits m\u00e9nagers pour meubles tel Plizz qui d\u00e9posent une couche de silicone emp\u00eachant toutes retouches de vernis en cas d&rsquo;accident. Il faut donc nettoyer sa guitare avec des produits pr\u00e9vus tel les Polish (GHS, DUNLOP, MARTIN) que l&rsquo;on trouve dans les magasins de musique, \u00e0 l&rsquo;aide d&rsquo;une chamoisine en frottant de fa\u00e7on circulaire et lustrer avec un c\u00f4t\u00e9 sec. Si la guitare est \u00e2g\u00e9e, encrass\u00e9e, nettoyez la avec le chiffon chaud peu humide et du produit vaisselle comme pour la touche, s\u00e9cher avec un chiffon sec et finir avec le polish.<\/p>\n<p style=\"text-align: justify;\"><span style=\"text-decoration: underline;\">Les m\u00e9caniques<\/span><\/p>\n<p style=\"text-align: justify;\">\u00a0\u00a0 Sur les m\u00e9caniques \u00e0 engrenages (type classique, parfois folk) vous devez ajouter quelques gouttes d&rsquo;huile de machine \u00e0 coudre ou afin de prolonger leur vie et pr\u00e9cision, les tourner et rehuiler si n\u00e9cessaire, le mouvement doit \u00eatre fluide .<\/p>\n<p style=\"text-align: justify;\"><span style=\"text-decoration: underline;\">L&rsquo;humidit\u00e9<\/span><\/p>\n<p style=\"text-align: justify;\">\u00a0\u00a0 Le bois est en quelque sorte une \u00e9ponge, il est donc sensible \u00e0 l&rsquo;hygrom\u00e9trie. Les instruments r\u00e9sistent mieux \u00e0 l&rsquo;humidit\u00e9 qu&rsquo;\u00e0 la s\u00e9cheresse excessive, il est conseill\u00e9 de garder sa guitare dans un milieu constant en temp\u00e9rature et hygrom\u00e9trie entre 45 et 55% (le mieux \u00e9tant de la laisser dans son \u00e9tui) et de surveiller la pi\u00e8ce gr\u00e2ce \u00e0 un hygrom\u00e8tre (digital, de 15 \u00e0 30euros dans les rayons jardineries). Trop d&rsquo;humidit\u00e9 fera que la guitare gonfle, mais tout rentre dans l&rsquo;ordre quand le temps redevient cl\u00e9ment, le contraire est grave (en dessous de 35% le bois r\u00e9tr\u00e9cit , premier sympt\u00f4me : on sent plus le bord des frettes qu&rsquo;\u00e0 la normale) puis des fissures, d\u00e9collements apparaissent, c&rsquo;est \u00e0 ce moment l\u00e0 que les probl\u00e8mes arrivent\u0085. Direction chez le luthier ! Une source de chaleur, luminosit\u00e9 directe (fen\u00eatre, radiateur, stockage dans la voiture) doivent \u00eatre \u00e9vit\u00e9es, ayez le r\u00e9flexe ! L&rsquo;hiver est une dure p\u00e9riode pour la guitare (anticyclones qui apportent le temps sec, chauffage central qui ass\u00e8che l&rsquo;air) les contrastes\/chocs thermiques (froid\/chaud ou contraire) peut fendre vernis, table d&rsquo;harmonie, d\u00e9coller les joints, donc ne la bousculez pas, laissez du temps avant d&rsquo;ouvrir l&rsquo;\u00e9tui pour qu&rsquo;elle s&rsquo;acclimate \u00e0 la pi\u00e8ce . &#8230; Et malgr\u00e9 tous ces conseils, vous n&rsquo;arrivez pas \u00e0 redonner une 2\u00e8me vie \u00e0 votre \u00a0\u00bbbo\u00eete \u00e0 camembert avec un manche au bout\u00a0\u00bb, il ne vous reste plus qu&rsquo;\u00e0 la porter \u00e0 votre luthier pr\u00e9f\u00e9r\u00e9 et peut \u00eatre n\u00e9cessite t-elle simplement un peu plus d&rsquo;attention et un bon r\u00e9glage .<\/p>\n<p><\/p>","protected":false},"excerpt":{"rendered":"<p>une rubrique (non exhaustive) avec \u00ab\u00a0trucs &amp; astuces\u00a0\u00bb afin de bichonner, redonner un coup de jeunesse \u00e0 votre instrument pr\u00e9f\u00e9r\u00e9. Les cordes \u00a0\u00a0 La transpiration oxyde \u00e9norm\u00e9ment les cordes, diminuant ainsi leur dur\u00e9e de vie. Apr\u00e8s chaque concert ou r\u00e9p\u00e9tition, il faut passer un petit coup de chiffon sur et sous les cordes ainsi que [&hellip;]<\/p>\n","protected":false},"author":1,"featured_media":0,"parent":33,"menu_order":0,"comment_status":"closed","ping_status":"closed","template":"pDefault.php","meta":{"ngg_post_thumbnail":0},"_links":{"self":[{"href":"https:\/\/www.benoit-de-bretagne.com\/index.php?rest_route=\/wp\/v2\/pages\/136"}],"collection":[{"href":"https:\/\/www.benoit-de-bretagne.com\/index.php?rest_route=\/wp\/v2\/pages"}],"about":[{"href":"https:\/\/www.benoit-de-bretagne.com\/index.php?rest_route=\/wp\/v2\/types\/page"}],"author":[{"embeddable":true,"href":"https:\/\/www.benoit-de-bretagne.com\/index.php?rest_route=\/wp\/v2\/users\/1"}],"replies":[{"embeddable":true,"href":"https:\/\/www.benoit-de-bretagne.com\/index.php?rest_route=%2Fwp%2Fv2%2Fcomments&post=136"}],"version-history":[{"count":4,"href":"https:\/\/www.benoit-de-bretagne.com\/index.php?rest_route=\/wp\/v2\/pages\/136\/revisions"}],"predecessor-version":[{"id":139,"href":"https:\/\/www.benoit-de-bretagne.com\/index.php?rest_route=\/wp\/v2\/pages\/136\/revisions\/139"}],"up":[{"embeddable":true,"href":"https:\/\/www.benoit-de-bretagne.com\/index.php?rest_route=\/wp\/v2\/pages\/33"}],"wp:attachment":[{"href":"https:\/\/www.benoit-de-bretagne.com\/index.php?rest_route=%2Fwp%2Fv2%2Fmedia&parent=136"}],"curies":[{"name":"wp","href":"https:\/\/api.w.org\/{rel}","templated":true}]}}