{"id":125,"date":"2013-08-30T22:31:42","date_gmt":"2013-08-30T21:31:42","guid":{"rendered":"http:\/\/www.benoit-de-bretagne.com\/?page_id=125"},"modified":"2013-08-30T22:34:07","modified_gmt":"2013-08-30T21:34:07","slug":"les-bois-de-touche","status":"publish","type":"page","link":"https:\/\/www.benoit-de-bretagne.com\/?page_id=125","title":{"rendered":"Les bois de touche"},"content":{"rendered":"<p style=\"text-align: justify;\">Pour la plaque de touche (fingerboard ou fretboard), les bois les plus couramment utilis\u00e9s sont les suivants :<\/p>\n<p style=\"text-align: justify;\"><span style=\"text-decoration: underline;\">L&rsquo;\u00e9b\u00e8ne<\/span><\/p>\n<p style=\"text-align: justify;\">\u00a0\u00a0 Il existe plus de 435 esp\u00e8ces alors que seules 20sont commercialement utilis\u00e9es ! Le plus pris\u00e9 est l&rsquo;\u00e9b\u00e8ne Africain (provenant la plupart du temps du Gabon ou Cameroun) ; son nom latin est \u00ab\u00a0diospyrus crassiflora\u00a0\u00bb. Sa densit\u00e9 varie entre 900 et 1030 kg\/m3. Utilis\u00e9 aussi dans la facture du quator(famille du violon) depuis des si\u00e8cles. Il y a encore une vingtaine d&rsquo;ann\u00e9es, il \u00e9tait fr\u00e9quent de se procurer des touches absolument noires, ce qui est devenu tr\u00e8s rare aujourd&rsquo;hui , apr\u00e8s exploitation intensive et abusive au Gabon, ce bois a pratiquement disparu, notons qu&rsquo;il faut environ deux si\u00e8cles pour qu&rsquo;un \u00e9b\u00e9nier arrive \u00e0 maturit\u00e9! Il faut donc se tourner vers de nouvelles sources : l&rsquo;\u00e9b\u00e8ne Indien, \u00ab\u00a0diospyrus ebenum\u00a0\u00bb, de densit\u00e9 entre 880 et 1190 kg\/m3 ou encore l\u0092\u00e9b\u00e8ne du Sri Lanka ou encore de Macassar, qui sont vein\u00e9es de longues veines tr\u00e8s claires et prononc\u00e9es de blanc et de marron sont souvent consid\u00e9r\u00e9es comme de qualit\u00e9 inf\u00e9rieure mais ces \u0093d\u00e9fauts\u0094 peuvent peut etre signe de \u0093caract\u00e8re\u0094. Sa noirceur contraste agr\u00e9ablement avec les moindres incrustations de nacre. De plus, il est facile \u00e0 polir, et son contact est extr\u00eamement doux. Les qualit\u00e9s de ce bois sont sa densit\u00e9, sa r\u00e9sistante aux chocs, son grain serr\u00e9 emp\u00eache la sudation des doigts d&rsquo;entrer en profondeur et maintient fortement les pieds des frettes. Son principal d\u00e9faut est sa forte r\u00e9action \u00e0 l\u0092humidit\u00e9, il se r\u00e9tracte ou gonfle.<\/p>\n<p style=\"text-align: justify;\"><span style=\"text-decoration: underline;\">Les autres essences<\/span><\/p>\n<p style=\"text-align: justify;\">\u00a0\u00a0 Les autres alternatifs pour la fabrication de touches sont en fait des bois durs, les plus rencontr\u00e9s sont le palissandre du Br\u00e9sil pour des mod\u00e8les haut de gamme, utilis\u00e9 pour sa beaut\u00e9 et luxe, il est dur et r\u00e9sistant et se poli tr\u00e8s agr\u00e9able au toucher, on dit m\u00eame qu\u0092il apporterait une chaleur dans le son. Puis tous ses cousins qui poss\u00e8dent les m\u00eames propri\u00e9t\u00e9s en plus d\u0092une meilleure stabilit\u00e9, tels palissandre indien, de madagascar, bois de rose, pau ferro, cocobolo, honduras \u0085 L\u0092\u00e9rable est plus rarement utilis\u00e9 pour les touches de guitares acoustiques, on les conna\u00eet surtout sur les typiques Fender T\u00e9l\u00e9caster d\u00e8s 1951, elles sont vernies afin que la sudation ne ternisse pas la puret\u00e9 de ce bois blanc. On lui donne comme qualit\u00e9 sonore d\u0092etre sec et percussif. Le noyer est aussi un bois parfois utilis\u00e9, qui le fut depuis des si\u00e8cles pour des instruments anciens, et plus r\u00e9cemment sur les mod\u00e8les Ovation Adamas, c\u0092est un bois qui est tres doux au toucher, qui se poli bien, mais reste facile \u00e0 rayer. De nouveaux mat\u00e9riaux autres que le bois sont utilis\u00e9s \u00e0 ce jour, l\u0092aluminium ou mat\u00e9riaux composites tels le Ph\u00e9nolic, le f\u00e9bronic (fibre de carbone), pour les instruments fretless, dont le but est d\u0091etre durable \u00e0 vie, peut etre le futur des instruments?<\/p>\n","protected":false},"excerpt":{"rendered":"<p>Pour la plaque de touche (fingerboard ou fretboard), les bois les plus couramment utilis\u00e9s sont les suivants : L&rsquo;\u00e9b\u00e8ne \u00a0\u00a0 Il existe plus de 435 esp\u00e8ces alors que seules 20sont commercialement utilis\u00e9es ! Le plus pris\u00e9 est l&rsquo;\u00e9b\u00e8ne Africain (provenant la plupart du temps du Gabon ou Cameroun) ; son nom latin est \u00ab\u00a0diospyrus crassiflora\u00a0\u00bb. [&hellip;]<\/p>\n","protected":false},"author":1,"featured_media":0,"parent":33,"menu_order":0,"comment_status":"closed","ping_status":"closed","template":"pDefault.php","meta":{"ngg_post_thumbnail":0},"_links":{"self":[{"href":"https:\/\/www.benoit-de-bretagne.com\/index.php?rest_route=\/wp\/v2\/pages\/125"}],"collection":[{"href":"https:\/\/www.benoit-de-bretagne.com\/index.php?rest_route=\/wp\/v2\/pages"}],"about":[{"href":"https:\/\/www.benoit-de-bretagne.com\/index.php?rest_route=\/wp\/v2\/types\/page"}],"author":[{"embeddable":true,"href":"https:\/\/www.benoit-de-bretagne.com\/index.php?rest_route=\/wp\/v2\/users\/1"}],"replies":[{"embeddable":true,"href":"https:\/\/www.benoit-de-bretagne.com\/index.php?rest_route=%2Fwp%2Fv2%2Fcomments&post=125"}],"version-history":[{"count":4,"href":"https:\/\/www.benoit-de-bretagne.com\/index.php?rest_route=\/wp\/v2\/pages\/125\/revisions"}],"predecessor-version":[{"id":131,"href":"https:\/\/www.benoit-de-bretagne.com\/index.php?rest_route=\/wp\/v2\/pages\/125\/revisions\/131"}],"up":[{"embeddable":true,"href":"https:\/\/www.benoit-de-bretagne.com\/index.php?rest_route=\/wp\/v2\/pages\/33"}],"wp:attachment":[{"href":"https:\/\/www.benoit-de-bretagne.com\/index.php?rest_route=%2Fwp%2Fv2%2Fmedia&parent=125"}],"curies":[{"name":"wp","href":"https:\/\/api.w.org\/{rel}","templated":true}]}}